{"id":84,"date":"2021-01-08T17:16:37","date_gmt":"2021-01-08T17:16:37","guid":{"rendered":"http:\/\/www.lsgastronomics.com\/?page_id=84"},"modified":"2025-10-01T13:32:12","modified_gmt":"2025-10-01T13:32:12","slug":"omls","status":"publish","type":"page","link":"http:\/\/www.lsgastronomics.com\/en\/omls\/","title":{"rendered":"About LS"},"content":{"rendered":"<div data-elementor-type=\"wp-page\" data-elementor-id=\"84\" class=\"elementor elementor-84\">\n\t\t\t\t\t\t<section class=\"elementor-section elementor-top-section elementor-element elementor-element-7eec2aa elementor-section-boxed elementor-section-height-default elementor-section-height-default\" data-id=\"7eec2aa\" data-element_type=\"section\" data-e-type=\"section\">\n\t\t\t\t\t\t<div class=\"elementor-container elementor-column-gap-default\">\n\t\t\t\t\t<div class=\"elementor-column elementor-col-50 elementor-top-column elementor-element elementor-element-7e2cea1\" data-id=\"7e2cea1\" data-element_type=\"column\" data-e-type=\"column\">\n\t\t\t<div class=\"elementor-widget-wrap elementor-element-populated\">\n\t\t\t\t\t\t<div class=\"elementor-element elementor-element-5146d68 elementor-widget elementor-widget-text-editor\" data-id=\"5146d68\" data-element_type=\"widget\" data-e-type=\"widget\" data-widget_type=\"text-editor.default\">\n\t\t\t\t<div class=\"elementor-widget-container\">\n\t\t\t\t\t\t\t\t\t<h6>Passion f\u00f6r gastronomin.<\/h6><p>F\u00f6retaget drivs av mig, Liselotte Sj\u00f6berg Whittaker, och grundades 2019.\u00a0<\/p><p>Mellan 2008 &#8211; 2023 har mestadels av min tid spenderats p\u00e5 anrika Krogen Stora Gungan, som \u00e4r bel\u00e4get inne p\u00e5 Skansen p\u00e5 Djurg\u00e5rden, i Stockholm.<\/p><p>D\u00e4r har jag drivit restaurang, kaf\u00e9 och festloftsverksamhet i sm\u00e5f\u00f6retagaranda med ledorden passion, hantverk och h\u00e5llbarhet.\u00a0<\/p><p>2014 fortsatte jag min resa genom vin- och dryckesv\u00e4rlden genom att studera till sommelier p\u00e5 Vink\u00e4llan i Stockholm.\u00a0<\/p><p class=\"has-text-align-left\">Fr\u00e5n 2023 bokar man mina vin- och dryckesprovningar p\u00e5 olika restauranger, eventlokaler eller i hemmamilj\u00f6.<\/p><p class=\"has-text-align-left\">I form av konsultation och bemanning finns jag \u00e4ven tillhands f\u00f6r olika verksamheter inom restaurangn\u00e4ringen. Jag \u00e4r bokningsbar p\u00e5 b\u00e5de korta och l\u00e5nga uppdrag.\u00a0 Jag hj\u00e4lper till med allt fr\u00e5n planering, drifts\u00e4ttning, genomf\u00f6rande samt verksamhetsutveckling.\u00a0<\/p><p>Mina tidigare och nuvarande samarbetspartners:<\/p><ul><li><span style=\"font-size: 15px;\">L-restauranger (Gute Grill)<\/span><\/li><li>Skansen<\/li><li><span style=\"font-size: 15px;\">Four service<\/span><\/li><li><span style=\"font-size: 15px;\">Nordrest<\/span><\/li><li><span style=\"font-size: 15px;\">Restaurang Bryggan G\u00e5shaga<\/span><\/li><li><span style=\"font-size: 15px;\">Nacka Gourmet &amp; Catering <\/span><\/li><li><span style=\"font-size: 15px;\">Tyres\u00f6 Slottskrog<\/span><\/li><\/ul><p class=\"has-text-align-left\"><b style=\"font-style: inherit; color: #3a3a3a; font-family: 'Alegreya SC', serif; font-size: 1.66667rem; background-color: var(--ast-global-color-5);\">Contact us:\u00a0<\/b><\/p><p>liselotte@lsgastronomics.com<\/p><p>+46739824593<\/p>\t\t\t\t\t\t\t\t<\/div>\n\t\t\t\t<\/div>\n\t\t\t\t\t<\/div>\n\t\t<\/div>\n\t\t\t\t<div class=\"elementor-column elementor-col-50 elementor-top-column elementor-element elementor-element-0e32e77\" data-id=\"0e32e77\" data-element_type=\"column\" data-e-type=\"column\">\n\t\t\t<div class=\"elementor-widget-wrap elementor-element-populated\">\n\t\t\t\t\t\t<div class=\"elementor-element elementor-element-fcbdce0 elementor-widget elementor-widget-image\" data-id=\"fcbdce0\" data-element_type=\"widget\" data-e-type=\"widget\" data-widget_type=\"image.default\">\n\t\t\t\t<div class=\"elementor-widget-container\">\n\t\t\t\t\t\t\t\t\t\t\t\t\t\t\t<img fetchpriority=\"high\" decoding=\"async\" width=\"768\" height=\"1024\" src=\"https:\/\/i0.wp.com\/media2.lsgastronomics.com\/2021\/01\/1.png?fit=768%2C1024\" class=\"attachment-large size-large wp-image-168\" alt=\"\" srcset=\"https:\/\/i0.wp.com\/media2.lsgastronomics.com\/2021\/01\/1.png?w=3024 3024w, https:\/\/i0.wp.com\/media2.lsgastronomics.com\/2021\/01\/1.png?resize=225%2C300 225w, https:\/\/i0.wp.com\/media2.lsgastronomics.com\/2021\/01\/1.png?resize=768%2C1024 768w, https:\/\/i0.wp.com\/media2.lsgastronomics.com\/2021\/01\/1.png?resize=1152%2C1536 1152w, https:\/\/i0.wp.com\/media2.lsgastronomics.com\/2021\/01\/1.png?resize=1536%2C2048 1536w, https:\/\/i0.wp.com\/media2.lsgastronomics.com\/2021\/01\/1.png?w=2518 2518w\" sizes=\"(max-width: 768px) 100vw, 768px\" \/>\t\t\t\t\t\t\t\t\t\t\t\t\t\t\t<\/div>\n\t\t\t\t<\/div>\n\t\t\t\t\t<\/div>\n\t\t<\/div>\n\t\t\t\t\t<\/div>\n\t\t<\/section>\n\t\t\t\t<\/div>","protected":false},"excerpt":{"rendered":"<p>Passion f\u00f6r gastronomin. F\u00f6retaget drivs av mig, Liselotte Sj\u00f6berg Whittaker, och grundades 2019.\u00a0 Mellan 2008 &#8211; 2023 har mestadels av min tid spenderats p\u00e5 anrika Krogen Stora Gungan, som \u00e4r bel\u00e4get inne p\u00e5 Skansen p\u00e5 Djurg\u00e5rden, i Stockholm. D\u00e4r har jag drivit restaurang, kaf\u00e9 och festloftsverksamhet i sm\u00e5f\u00f6retagaranda med ledorden passion, hantverk och h\u00e5llbarhet.\u00a0 2014 [&hellip;]<\/p>\n","protected":false},"author":1,"featured_media":123,"parent":0,"menu_order":0,"comment_status":"closed","ping_status":"closed","template":"","meta":{"_uag_custom_page_level_css":"","site-sidebar-layout":"default","site-content-layout":"default","ast-site-content-layout":"default","site-content-style":"default","site-sidebar-style":"default","ast-global-header-display":"","ast-banner-title-visibility":"","ast-main-header-display":"","ast-hfb-above-header-display":"","ast-hfb-below-header-display":"","ast-hfb-mobile-header-display":"","site-post-title":"","ast-breadcrumbs-content":null,"ast-featured-img":"disabled","footer-sml-layout":"","ast-disable-related-posts":"","theme-transparent-header-meta":"default","adv-header-id-meta":null,"stick-header-meta":null,"header-above-stick-meta":null,"header-main-stick-meta":null,"header-below-stick-meta":null,"astra-migrate-meta-layouts":"default","ast-page-background-enabled":"default","ast-page-background-meta":{"desktop":{"background-color":"","background-image":"","background-repeat":"repeat","background-position":"center center","background-size":"auto","background-attachment":"scroll","background-type":"","background-media":"","overlay-type":"","overlay-color":"","overlay-opacity":"","overlay-gradient":""},"tablet":{"background-color":"","background-image":"","background-repeat":"repeat","background-position":"center center","background-size":"auto","background-attachment":"scroll","background-type":"","background-media":"","overlay-type":"","overlay-color":"","overlay-opacity":"","overlay-gradient":""},"mobile":{"background-color":"","background-image":"","background-repeat":"repeat","background-position":"center center","background-size":"auto","background-attachment":"scroll","background-type":"","background-media":"","overlay-type":"","overlay-color":"","overlay-opacity":"","overlay-gradient":""}},"ast-content-background-meta":{"desktop":{"background-color":"var(--ast-global-color-5)","background-image":"","background-repeat":"repeat","background-position":"center center","background-size":"auto","background-attachment":"scroll","background-type":"","background-media":"","overlay-type":"","overlay-color":"","overlay-opacity":"","overlay-gradient":""},"tablet":{"background-color":"var(--ast-global-color-5)","background-image":"","background-repeat":"repeat","background-position":"center center","background-size":"auto","background-attachment":"scroll","background-type":"","background-media":"","overlay-type":"","overlay-color":"","overlay-opacity":"","overlay-gradient":""},"mobile":{"background-color":"var(--ast-global-color-5)","background-image":"","background-repeat":"repeat","background-position":"center center","background-size":"auto","background-attachment":"scroll","background-type":"","background-media":"","overlay-type":"","overlay-color":"","overlay-opacity":"","overlay-gradient":""}},"footnotes":""},"class_list":["post-84","page","type-page","status-publish","has-post-thumbnail","hentry"],"yoast_head":"<!-- This site is optimized with the Yoast SEO plugin v27.4 - https:\/\/yoast.com\/product\/yoast-seo-wordpress\/ -->\n<title>Om LS - LS Gastronomics<\/title>\n<meta name=\"robots\" content=\"index, follow, max-snippet:-1, max-image-preview:large, max-video-preview:-1\" \/>\n<link rel=\"canonical\" href=\"https:\/\/www.lsgastronomics.com\/en\/omls\/\" \/>\n<meta property=\"og:locale\" content=\"en_US\" \/>\n<meta property=\"og:type\" content=\"article\" \/>\n<meta property=\"og:title\" content=\"Om LS - LS Gastronomics\" \/>\n<meta property=\"og:description\" content=\"Passion f\u00f6r gastronomin. F\u00f6retaget drivs av mig, Liselotte Sj\u00f6berg Whittaker, och grundades 2019.\u00a0 Mellan 2008 &#8211; 2023 har mestadels av min tid spenderats p\u00e5 anrika Krogen Stora Gungan, som \u00e4r bel\u00e4get inne p\u00e5 Skansen p\u00e5 Djurg\u00e5rden, i Stockholm. D\u00e4r har jag drivit restaurang, kaf\u00e9 och festloftsverksamhet i sm\u00e5f\u00f6retagaranda med ledorden passion, hantverk och h\u00e5llbarhet.\u00a0 2014 [&hellip;]\" \/>\n<meta property=\"og:url\" content=\"https:\/\/www.lsgastronomics.com\/en\/omls\/\" \/>\n<meta property=\"og:site_name\" content=\"LS Gastronomics\" \/>\n<meta property=\"article:modified_time\" content=\"2025-10-01T13:32:12+00:00\" \/>\n<meta property=\"og:image\" content=\"https:\/\/i0.wp.com\/media2.lsgastronomics.com\/2021\/01\/20190126_160440-e1610207273334.jpg?fit=424%2C498&ssl=1\" \/>\n\t<meta property=\"og:image:width\" content=\"424\" \/>\n\t<meta property=\"og:image:height\" content=\"498\" \/>\n\t<meta property=\"og:image:type\" content=\"image\/jpeg\" \/>\n<meta name=\"twitter:card\" content=\"summary_large_image\" \/>\n<meta name=\"twitter:label1\" content=\"Est. reading time\" \/>\n\t<meta name=\"twitter:data1\" content=\"1 minute\" \/>\n<script type=\"application\/ld+json\" class=\"yoast-schema-graph\">{\"@context\":\"https:\\\/\\\/schema.org\",\"@graph\":[{\"@type\":\"WebPage\",\"@id\":\"https:\\\/\\\/www.lsgastronomics.com\\\/en\\\/omls\\\/\",\"url\":\"https:\\\/\\\/www.lsgastronomics.com\\\/en\\\/omls\\\/\",\"name\":\"Om LS - LS Gastronomics\",\"isPartOf\":{\"@id\":\"http:\\\/\\\/www.lsgastronomics.com\\\/en\\\/#website\"},\"primaryImageOfPage\":{\"@id\":\"https:\\\/\\\/www.lsgastronomics.com\\\/en\\\/omls\\\/#primaryimage\"},\"image\":{\"@id\":\"https:\\\/\\\/www.lsgastronomics.com\\\/en\\\/omls\\\/#primaryimage\"},\"thumbnailUrl\":\"https:\\\/\\\/i0.wp.com\\\/media2.lsgastronomics.com\\\/2021\\\/01\\\/20190126_160440-e1610207273334.jpg?fit=424%2C498\",\"datePublished\":\"2021-01-08T17:16:37+00:00\",\"dateModified\":\"2025-10-01T13:32:12+00:00\",\"breadcrumb\":{\"@id\":\"https:\\\/\\\/www.lsgastronomics.com\\\/en\\\/omls\\\/#breadcrumb\"},\"inLanguage\":\"en-US\",\"potentialAction\":[{\"@type\":\"ReadAction\",\"target\":[\"https:\\\/\\\/www.lsgastronomics.com\\\/en\\\/omls\\\/\"]}]},{\"@type\":\"ImageObject\",\"inLanguage\":\"en-US\",\"@id\":\"https:\\\/\\\/www.lsgastronomics.com\\\/en\\\/omls\\\/#primaryimage\",\"url\":\"https:\\\/\\\/i0.wp.com\\\/media2.lsgastronomics.com\\\/2021\\\/01\\\/20190126_160440-e1610207273334.jpg?fit=424%2C498\",\"contentUrl\":\"https:\\\/\\\/i0.wp.com\\\/media2.lsgastronomics.com\\\/2021\\\/01\\\/20190126_160440-e1610207273334.jpg?fit=424%2C498\",\"width\":424,\"height\":498},{\"@type\":\"BreadcrumbList\",\"@id\":\"https:\\\/\\\/www.lsgastronomics.com\\\/en\\\/omls\\\/#breadcrumb\",\"itemListElement\":[{\"@type\":\"ListItem\",\"position\":1,\"name\":\"Hem\",\"item\":\"http:\\\/\\\/www.lsgastronomics.com\\\/en\\\/\"},{\"@type\":\"ListItem\",\"position\":2,\"name\":\"Om LS\"}]},{\"@type\":\"WebSite\",\"@id\":\"http:\\\/\\\/www.lsgastronomics.com\\\/en\\\/#website\",\"url\":\"http:\\\/\\\/www.lsgastronomics.com\\\/en\\\/\",\"name\":\"LS Gastronomics\",\"description\":\"\",\"publisher\":{\"@id\":\"http:\\\/\\\/www.lsgastronomics.com\\\/en\\\/#organization\"},\"potentialAction\":[{\"@type\":\"SearchAction\",\"target\":{\"@type\":\"EntryPoint\",\"urlTemplate\":\"http:\\\/\\\/www.lsgastronomics.com\\\/en\\\/?s={search_term_string}\"},\"query-input\":{\"@type\":\"PropertyValueSpecification\",\"valueRequired\":true,\"valueName\":\"search_term_string\"}}],\"inLanguage\":\"en-US\"},{\"@type\":\"Organization\",\"@id\":\"http:\\\/\\\/www.lsgastronomics.com\\\/en\\\/#organization\",\"name\":\"LS Gastronomics\",\"url\":\"http:\\\/\\\/www.lsgastronomics.com\\\/en\\\/\",\"logo\":{\"@type\":\"ImageObject\",\"inLanguage\":\"en-US\",\"@id\":\"http:\\\/\\\/www.lsgastronomics.com\\\/en\\\/#\\\/schema\\\/logo\\\/image\\\/\",\"url\":\"https:\\\/\\\/i0.wp.com\\\/media2.lsgastronomics.com\\\/2021\\\/01\\\/cropped-Logotyp_LSG.png?fit=520%2C512\",\"contentUrl\":\"https:\\\/\\\/i0.wp.com\\\/media2.lsgastronomics.com\\\/2021\\\/01\\\/cropped-Logotyp_LSG.png?fit=520%2C512\",\"width\":520,\"height\":512,\"caption\":\"LS Gastronomics\"},\"image\":{\"@id\":\"http:\\\/\\\/www.lsgastronomics.com\\\/en\\\/#\\\/schema\\\/logo\\\/image\\\/\"}}]}<\/script>\n<!-- \/ Yoast SEO plugin. -->","yoast_head_json":{"title":"Om LS - LS Gastronomics","robots":{"index":"index","follow":"follow","max-snippet":"max-snippet:-1","max-image-preview":"max-image-preview:large","max-video-preview":"max-video-preview:-1"},"canonical":"https:\/\/www.lsgastronomics.com\/en\/omls\/","og_locale":"en_US","og_type":"article","og_title":"Om LS - LS Gastronomics","og_description":"Passion f\u00f6r gastronomin. F\u00f6retaget drivs av mig, Liselotte Sj\u00f6berg Whittaker, och grundades 2019.\u00a0 Mellan 2008 &#8211; 2023 har mestadels av min tid spenderats p\u00e5 anrika Krogen Stora Gungan, som \u00e4r bel\u00e4get inne p\u00e5 Skansen p\u00e5 Djurg\u00e5rden, i Stockholm. D\u00e4r har jag drivit restaurang, kaf\u00e9 och festloftsverksamhet i sm\u00e5f\u00f6retagaranda med ledorden passion, hantverk och h\u00e5llbarhet.\u00a0 2014 [&hellip;]","og_url":"https:\/\/www.lsgastronomics.com\/en\/omls\/","og_site_name":"LS Gastronomics","article_modified_time":"2025-10-01T13:32:12+00:00","og_image":[{"width":424,"height":498,"url":"https:\/\/i0.wp.com\/media2.lsgastronomics.com\/2021\/01\/20190126_160440-e1610207273334.jpg?fit=424%2C498&ssl=1","type":"image\/jpeg"}],"twitter_card":"summary_large_image","twitter_misc":{"Est. reading time":"1 minute"},"schema":{"@context":"https:\/\/schema.org","@graph":[{"@type":"WebPage","@id":"https:\/\/www.lsgastronomics.com\/en\/omls\/","url":"https:\/\/www.lsgastronomics.com\/en\/omls\/","name":"Om LS - LS Gastronomics","isPartOf":{"@id":"http:\/\/www.lsgastronomics.com\/en\/#website"},"primaryImageOfPage":{"@id":"https:\/\/www.lsgastronomics.com\/en\/omls\/#primaryimage"},"image":{"@id":"https:\/\/www.lsgastronomics.com\/en\/omls\/#primaryimage"},"thumbnailUrl":"https:\/\/i0.wp.com\/media2.lsgastronomics.com\/2021\/01\/20190126_160440-e1610207273334.jpg?fit=424%2C498","datePublished":"2021-01-08T17:16:37+00:00","dateModified":"2025-10-01T13:32:12+00:00","breadcrumb":{"@id":"https:\/\/www.lsgastronomics.com\/en\/omls\/#breadcrumb"},"inLanguage":"en-US","potentialAction":[{"@type":"ReadAction","target":["https:\/\/www.lsgastronomics.com\/en\/omls\/"]}]},{"@type":"ImageObject","inLanguage":"en-US","@id":"https:\/\/www.lsgastronomics.com\/en\/omls\/#primaryimage","url":"https:\/\/i0.wp.com\/media2.lsgastronomics.com\/2021\/01\/20190126_160440-e1610207273334.jpg?fit=424%2C498","contentUrl":"https:\/\/i0.wp.com\/media2.lsgastronomics.com\/2021\/01\/20190126_160440-e1610207273334.jpg?fit=424%2C498","width":424,"height":498},{"@type":"BreadcrumbList","@id":"https:\/\/www.lsgastronomics.com\/en\/omls\/#breadcrumb","itemListElement":[{"@type":"ListItem","position":1,"name":"Hem","item":"http:\/\/www.lsgastronomics.com\/en\/"},{"@type":"ListItem","position":2,"name":"Om LS"}]},{"@type":"WebSite","@id":"http:\/\/www.lsgastronomics.com\/en\/#website","url":"http:\/\/www.lsgastronomics.com\/en\/","name":"LS Gastronomics","description":"","publisher":{"@id":"http:\/\/www.lsgastronomics.com\/en\/#organization"},"potentialAction":[{"@type":"SearchAction","target":{"@type":"EntryPoint","urlTemplate":"http:\/\/www.lsgastronomics.com\/en\/?s={search_term_string}"},"query-input":{"@type":"PropertyValueSpecification","valueRequired":true,"valueName":"search_term_string"}}],"inLanguage":"en-US"},{"@type":"Organization","@id":"http:\/\/www.lsgastronomics.com\/en\/#organization","name":"LS Gastronomics","url":"http:\/\/www.lsgastronomics.com\/en\/","logo":{"@type":"ImageObject","inLanguage":"en-US","@id":"http:\/\/www.lsgastronomics.com\/en\/#\/schema\/logo\/image\/","url":"https:\/\/i0.wp.com\/media2.lsgastronomics.com\/2021\/01\/cropped-Logotyp_LSG.png?fit=520%2C512","contentUrl":"https:\/\/i0.wp.com\/media2.lsgastronomics.com\/2021\/01\/cropped-Logotyp_LSG.png?fit=520%2C512","width":520,"height":512,"caption":"LS Gastronomics"},"image":{"@id":"http:\/\/www.lsgastronomics.com\/en\/#\/schema\/logo\/image\/"}}]}},"uagb_featured_image_src":{"full":["https:\/\/i0.wp.com\/media2.lsgastronomics.com\/2021\/01\/20190126_160440-e1610207273334.jpg?fit=424%2C498",424,498,false],"thumbnail":["https:\/\/i0.wp.com\/media2.lsgastronomics.com\/2021\/01\/20190126_160440-e1610207273334.jpg?resize=150%2C150",150,150,true],"medium":["https:\/\/i0.wp.com\/media2.lsgastronomics.com\/2021\/01\/20190126_160440-e1610207273334.jpg?fit=255%2C300",255,300,true],"medium_large":["https:\/\/i0.wp.com\/media2.lsgastronomics.com\/2021\/01\/20190126_160440-e1610207273334.jpg?fit=424%2C498",424,498,true],"large":["https:\/\/i0.wp.com\/media2.lsgastronomics.com\/2021\/01\/20190126_160440-e1610207273334.jpg?fit=424%2C498",424,498,true],"1536x1536":["https:\/\/i0.wp.com\/media2.lsgastronomics.com\/2021\/01\/20190126_160440-e1610207273334.jpg?fit=424%2C498",424,498,true],"2048x2048":["https:\/\/i0.wp.com\/media2.lsgastronomics.com\/2021\/01\/20190126_160440-e1610207273334.jpg?fit=424%2C498",424,498,true],"trp-custom-language-flag":["https:\/\/i0.wp.com\/media2.lsgastronomics.com\/2021\/01\/20190126_160440-e1610207273334.jpg?fit=10%2C12",10,12,true]},"uagb_author_info":{"display_name":"Lsgastronomics","author_link":"http:\/\/www.lsgastronomics.com\/en\/author\/lsgastronomics\/"},"uagb_comment_info":0,"uagb_excerpt":"Passion f\u00f6r gastronomin. F\u00f6retaget drivs av mig, Liselotte Sj\u00f6berg Whittaker, och grundades 2019.\u00a0 Mellan 2008 &#8211; 2023 har mestadels av min tid spenderats p\u00e5 anrika Krogen Stora Gungan, som \u00e4r bel\u00e4get inne p\u00e5 Skansen p\u00e5 Djurg\u00e5rden, i Stockholm. D\u00e4r har jag drivit restaurang, kaf\u00e9 och festloftsverksamhet i sm\u00e5f\u00f6retagaranda med ledorden passion, hantverk och h\u00e5llbarhet.\u00a0 2014&hellip;","jetpack_sharing_enabled":true,"_links":{"self":[{"href":"http:\/\/www.lsgastronomics.com\/en\/wp-json\/wp\/v2\/pages\/84","targetHints":{"allow":["GET"]}}],"collection":[{"href":"http:\/\/www.lsgastronomics.com\/en\/wp-json\/wp\/v2\/pages"}],"about":[{"href":"http:\/\/www.lsgastronomics.com\/en\/wp-json\/wp\/v2\/types\/page"}],"author":[{"embeddable":true,"href":"http:\/\/www.lsgastronomics.com\/en\/wp-json\/wp\/v2\/users\/1"}],"replies":[{"embeddable":true,"href":"http:\/\/www.lsgastronomics.com\/en\/wp-json\/wp\/v2\/comments?post=84"}],"version-history":[{"count":90,"href":"http:\/\/www.lsgastronomics.com\/en\/wp-json\/wp\/v2\/pages\/84\/revisions"}],"predecessor-version":[{"id":529,"href":"http:\/\/www.lsgastronomics.com\/en\/wp-json\/wp\/v2\/pages\/84\/revisions\/529"}],"wp:featuredmedia":[{"embeddable":true,"href":"http:\/\/www.lsgastronomics.com\/en\/wp-json\/wp\/v2\/media\/123"}],"wp:attachment":[{"href":"http:\/\/www.lsgastronomics.com\/en\/wp-json\/wp\/v2\/media?parent=84"}],"curies":[{"name":"wp","href":"https:\/\/api.w.org\/{rel}","templated":true}]}}