{"id":92,"date":"2021-01-09T16:24:35","date_gmt":"2021-01-09T16:24:35","guid":{"rendered":"http:\/\/www.lsgastronomics.com\/?page_id=92"},"modified":"2024-07-31T11:57:59","modified_gmt":"2024-07-31T11:57:59","slug":"vinprovning","status":"publish","type":"page","link":"http:\/\/www.lsgastronomics.com\/en\/vinprovning\/","title":{"rendered":"Tastings"},"content":{"rendered":"<div data-elementor-type=\"wp-page\" data-elementor-id=\"92\" class=\"elementor elementor-92\">\n\t\t\t\t\t\t<section class=\"elementor-section elementor-top-section elementor-element elementor-element-c73d94c elementor-section-boxed elementor-section-height-default elementor-section-height-default\" data-id=\"c73d94c\" data-element_type=\"section\" data-e-type=\"section\">\n\t\t\t\t\t\t<div class=\"elementor-container elementor-column-gap-default\">\n\t\t\t\t\t<div class=\"elementor-column elementor-col-100 elementor-top-column elementor-element elementor-element-67a5c391\" data-id=\"67a5c391\" data-element_type=\"column\" data-e-type=\"column\">\n\t\t\t<div class=\"elementor-widget-wrap elementor-element-populated\">\n\t\t\t\t\t\t<div class=\"elementor-element elementor-element-138e6ae7 elementor-widget elementor-widget-text-editor\" data-id=\"138e6ae7\" data-element_type=\"widget\" data-e-type=\"widget\" data-widget_type=\"text-editor.default\">\n\t\t\t\t<div class=\"elementor-widget-container\">\n\t\t\t\t\t\t\t\t\t<p><\/p>\n<p>Kom i ett mindre s\u00e4llskap p\u00e5 n\u00e5gon av v\u00e5ra f\u00f6rbest\u00e4mda vinprovningskv\u00e4llar eller boka din egen vinafton med dina v\u00e4nner, familj eller kollegor. Vill ni arrangera er egna vinafton s\u00e5 rekommenderar vi att ni \u00e4r fr\u00e5n 6 personer.<\/p>\n<p><\/p>\n<p><\/p>\n<p><strong>Packages:<\/strong><\/p>\n<p><\/p>\n<p><\/p>\n<p>Discover the different flavours of the world on either a tasting more grand or a smaller one.<\/p>\n<p><\/p>\n<p><\/p>\n<p>L\u00e4mna \u00f6nskem\u00e5l p\u00e5 l\u00e4nder, druvsorter, regioner eller l\u00e5t oss f\u00e5 fria tyglar.&nbsp; Provningspaketet kan kombineras med mat eller st\u00e5 som en egen aktivitet.<\/p>\n<p><\/p>\n<p><\/p>\n<p><strong>Det massiva vinpaketet:<\/strong><\/p>\n<p><\/p>\n<p><\/p>\n<p>Flight 1 - Pretasting with bubbles<\/p>\n<p><\/p>\n<p><\/p>\n<p>Flight 2 - White &amp; Amber<\/p>\n<p><\/p>\n<p><\/p>\n<p>Flight 3 - Reds<\/p>\n<p><\/p>\n<p><\/p>\n<p>Flight 4 - Dessert wines<\/p>\n<p><\/p>\n<p><\/p>\n<p>The tasting is combined with smaller courses. Every flight is between 2-4 wines.<\/p>\n<p><\/p>\n<p><\/p>\n<p><strong>Mindre paket:&nbsp;<\/strong><\/p>\n<p><\/p>\n<p><\/p>\n<ul class=\"wp-block-list\">\n<li>Sparkling wines ( 4 wines served with a smaller snack )<\/li>\n<li>Choose one flight ( 4 wines with a smaller snack )<\/li>\n<\/ul>\n<p><strong>Custom-tailored: Price varies<\/strong><\/p>\n<ul>\n<li>Custom-tailored tasting depending your wishes. Choose quantity of wines and courses.<\/li>\n<li>Other beverage tastings: snaps, beer or other spirits.<\/li>\n<\/ul>\n<p><\/p>\n<p><\/p>\n<p>Provningar kan h\u00e5llas i olika milj\u00f6er \u2013 s\u00e5 l\u00e4nge lagar och regler kan vidtas.<\/p>\n<p><span style=\"font-size: 15px; color: var( --e-global-color-text ); font-family: var( --e-global-typography-text-font-family ), Sans-serif;\">Kontakta oss p\u00e5 liselotte@lsgastronomics.com f\u00f6r mer information eller vid fr\u00e5gor.<\/span><\/p>\n<p><\/p>\t\t\t\t\t\t\t\t<\/div>\n\t\t\t\t<\/div>\n\t\t\t\t\t<\/div>\n\t\t<\/div>\n\t\t\t\t\t<\/div>\n\t\t<\/section>\n\t\t\t\t<\/div>","protected":false},"excerpt":{"rendered":"<p>Kom i ett mindre s\u00e4llskap p\u00e5 n\u00e5gon av v\u00e5ra f\u00f6rbest\u00e4mda vinprovningskv\u00e4llar eller boka din egen vinafton med dina v\u00e4nner, familj eller kollegor. Vill ni arrangera er egna vinafton s\u00e5 rekommenderar vi att ni \u00e4r fr\u00e5n 6 personer. Provningspaket: Uppt\u00e4ck v\u00e4rldens smaker p\u00e5 stora eller mindre provningspaket. L\u00e4mna \u00f6nskem\u00e5l p\u00e5 l\u00e4nder, druvsorter, regioner eller l\u00e5t oss [&hellip;]<\/p>\n","protected":false},"author":1,"featured_media":0,"parent":0,"menu_order":0,"comment_status":"closed","ping_status":"closed","template":"","meta":{"_uag_custom_page_level_css":"","site-sidebar-layout":"default","site-content-layout":"default","ast-site-content-layout":"default","site-content-style":"default","site-sidebar-style":"default","ast-global-header-display":"","ast-banner-title-visibility":"","ast-main-header-display":"","ast-hfb-above-header-display":"","ast-hfb-below-header-display":"","ast-hfb-mobile-header-display":"","site-post-title":"","ast-breadcrumbs-content":"","ast-featured-img":"","footer-sml-layout":"","ast-disable-related-posts":"","theme-transparent-header-meta":"default","adv-header-id-meta":"","stick-header-meta":"","header-above-stick-meta":"","header-main-stick-meta":"","header-below-stick-meta":"","astra-migrate-meta-layouts":"default","ast-page-background-enabled":"default","ast-page-background-meta":{"desktop":{"background-color":"","background-image":"","background-repeat":"repeat","background-position":"center center","background-size":"auto","background-attachment":"scroll","background-type":"","background-media":"","overlay-type":"","overlay-color":"","overlay-opacity":"","overlay-gradient":""},"tablet":{"background-color":"","background-image":"","background-repeat":"repeat","background-position":"center center","background-size":"auto","background-attachment":"scroll","background-type":"","background-media":"","overlay-type":"","overlay-color":"","overlay-opacity":"","overlay-gradient":""},"mobile":{"background-color":"","background-image":"","background-repeat":"repeat","background-position":"center center","background-size":"auto","background-attachment":"scroll","background-type":"","background-media":"","overlay-type":"","overlay-color":"","overlay-opacity":"","overlay-gradient":""}},"ast-content-background-meta":{"desktop":{"background-color":"var(--ast-global-color-5)","background-image":"","background-repeat":"repeat","background-position":"center center","background-size":"auto","background-attachment":"scroll","background-type":"","background-media":"","overlay-type":"","overlay-color":"","overlay-opacity":"","overlay-gradient":""},"tablet":{"background-color":"var(--ast-global-color-5)","background-image":"","background-repeat":"repeat","background-position":"center center","background-size":"auto","background-attachment":"scroll","background-type":"","background-media":"","overlay-type":"","overlay-color":"","overlay-opacity":"","overlay-gradient":""},"mobile":{"background-color":"var(--ast-global-color-5)","background-image":"","background-repeat":"repeat","background-position":"center center","background-size":"auto","background-attachment":"scroll","background-type":"","background-media":"","overlay-type":"","overlay-color":"","overlay-opacity":"","overlay-gradient":""}},"footnotes":""},"class_list":["post-92","page","type-page","status-publish","hentry"],"yoast_head":"<!-- This site is optimized with the Yoast SEO plugin v27.4 - https:\/\/yoast.com\/product\/yoast-seo-wordpress\/ -->\n<title>Dryckesprovningar - LS Gastronomics<\/title>\n<meta name=\"robots\" content=\"index, follow, max-snippet:-1, max-image-preview:large, max-video-preview:-1\" \/>\n<link rel=\"canonical\" href=\"https:\/\/www.lsgastronomics.com\/en\/vinprovning\/\" \/>\n<meta property=\"og:locale\" content=\"en_US\" \/>\n<meta property=\"og:type\" content=\"article\" \/>\n<meta property=\"og:title\" content=\"Dryckesprovningar - LS Gastronomics\" \/>\n<meta property=\"og:description\" content=\"Kom i ett mindre s\u00e4llskap p\u00e5 n\u00e5gon av v\u00e5ra f\u00f6rbest\u00e4mda vinprovningskv\u00e4llar eller boka din egen vinafton med dina v\u00e4nner, familj eller kollegor. Vill ni arrangera er egna vinafton s\u00e5 rekommenderar vi att ni \u00e4r fr\u00e5n 6 personer. Provningspaket: Uppt\u00e4ck v\u00e4rldens smaker p\u00e5 stora eller mindre provningspaket. L\u00e4mna \u00f6nskem\u00e5l p\u00e5 l\u00e4nder, druvsorter, regioner eller l\u00e5t oss [&hellip;]\" \/>\n<meta property=\"og:url\" content=\"https:\/\/www.lsgastronomics.com\/en\/vinprovning\/\" \/>\n<meta property=\"og:site_name\" content=\"LS Gastronomics\" \/>\n<meta property=\"article:modified_time\" content=\"2024-07-31T11:57:59+00:00\" \/>\n<meta name=\"twitter:card\" content=\"summary_large_image\" \/>\n<meta name=\"twitter:label1\" content=\"Est. reading time\" \/>\n\t<meta name=\"twitter:data1\" content=\"1 minute\" \/>\n<script type=\"application\/ld+json\" class=\"yoast-schema-graph\">{\"@context\":\"https:\\\/\\\/schema.org\",\"@graph\":[{\"@type\":\"WebPage\",\"@id\":\"https:\\\/\\\/www.lsgastronomics.com\\\/vinprovning\\\/\",\"url\":\"https:\\\/\\\/www.lsgastronomics.com\\\/vinprovning\\\/\",\"name\":\"Dryckesprovningar - LS Gastronomics\",\"isPartOf\":{\"@id\":\"https:\\\/\\\/www.lsgastronomics.com\\\/#website\"},\"datePublished\":\"2021-01-09T16:24:35+00:00\",\"dateModified\":\"2024-07-31T11:57:59+00:00\",\"breadcrumb\":{\"@id\":\"https:\\\/\\\/www.lsgastronomics.com\\\/vinprovning\\\/#breadcrumb\"},\"inLanguage\":\"en-US\",\"potentialAction\":[{\"@type\":\"ReadAction\",\"target\":[\"https:\\\/\\\/www.lsgastronomics.com\\\/vinprovning\\\/\"]}]},{\"@type\":\"BreadcrumbList\",\"@id\":\"https:\\\/\\\/www.lsgastronomics.com\\\/vinprovning\\\/#breadcrumb\",\"itemListElement\":[{\"@type\":\"ListItem\",\"position\":1,\"name\":\"Hem\",\"item\":\"https:\\\/\\\/www.lsgastronomics.com\\\/\"},{\"@type\":\"ListItem\",\"position\":2,\"name\":\"Dryckesprovningar\"}]},{\"@type\":\"WebSite\",\"@id\":\"https:\\\/\\\/www.lsgastronomics.com\\\/#website\",\"url\":\"https:\\\/\\\/www.lsgastronomics.com\\\/\",\"name\":\"LS Gastronomics\",\"description\":\"\",\"publisher\":{\"@id\":\"https:\\\/\\\/www.lsgastronomics.com\\\/#organization\"},\"potentialAction\":[{\"@type\":\"SearchAction\",\"target\":{\"@type\":\"EntryPoint\",\"urlTemplate\":\"https:\\\/\\\/www.lsgastronomics.com\\\/?s={search_term_string}\"},\"query-input\":{\"@type\":\"PropertyValueSpecification\",\"valueRequired\":true,\"valueName\":\"search_term_string\"}}],\"inLanguage\":\"en-US\"},{\"@type\":\"Organization\",\"@id\":\"https:\\\/\\\/www.lsgastronomics.com\\\/#organization\",\"name\":\"LS Gastronomics\",\"url\":\"https:\\\/\\\/www.lsgastronomics.com\\\/\",\"logo\":{\"@type\":\"ImageObject\",\"inLanguage\":\"en-US\",\"@id\":\"https:\\\/\\\/www.lsgastronomics.com\\\/#\\\/schema\\\/logo\\\/image\\\/\",\"url\":\"https:\\\/\\\/i0.wp.com\\\/media2.lsgastronomics.com\\\/2021\\\/01\\\/cropped-Logotyp_LSG.png?fit=520%2C512\",\"contentUrl\":\"https:\\\/\\\/i0.wp.com\\\/media2.lsgastronomics.com\\\/2021\\\/01\\\/cropped-Logotyp_LSG.png?fit=520%2C512\",\"width\":520,\"height\":512,\"caption\":\"LS Gastronomics\"},\"image\":{\"@id\":\"https:\\\/\\\/www.lsgastronomics.com\\\/#\\\/schema\\\/logo\\\/image\\\/\"}}]}<\/script>\n<!-- \/ Yoast SEO plugin. -->","yoast_head_json":{"title":"Dryckesprovningar - LS Gastronomics","robots":{"index":"index","follow":"follow","max-snippet":"max-snippet:-1","max-image-preview":"max-image-preview:large","max-video-preview":"max-video-preview:-1"},"canonical":"https:\/\/www.lsgastronomics.com\/en\/vinprovning\/","og_locale":"en_US","og_type":"article","og_title":"Dryckesprovningar - LS Gastronomics","og_description":"Kom i ett mindre s\u00e4llskap p\u00e5 n\u00e5gon av v\u00e5ra f\u00f6rbest\u00e4mda vinprovningskv\u00e4llar eller boka din egen vinafton med dina v\u00e4nner, familj eller kollegor. Vill ni arrangera er egna vinafton s\u00e5 rekommenderar vi att ni \u00e4r fr\u00e5n 6 personer. Provningspaket: Uppt\u00e4ck v\u00e4rldens smaker p\u00e5 stora eller mindre provningspaket. L\u00e4mna \u00f6nskem\u00e5l p\u00e5 l\u00e4nder, druvsorter, regioner eller l\u00e5t oss [&hellip;]","og_url":"https:\/\/www.lsgastronomics.com\/en\/vinprovning\/","og_site_name":"LS Gastronomics","article_modified_time":"2024-07-31T11:57:59+00:00","twitter_card":"summary_large_image","twitter_misc":{"Est. reading time":"1 minute"},"schema":{"@context":"https:\/\/schema.org","@graph":[{"@type":"WebPage","@id":"https:\/\/www.lsgastronomics.com\/vinprovning\/","url":"https:\/\/www.lsgastronomics.com\/vinprovning\/","name":"Dryckesprovningar - LS Gastronomics","isPartOf":{"@id":"https:\/\/www.lsgastronomics.com\/#website"},"datePublished":"2021-01-09T16:24:35+00:00","dateModified":"2024-07-31T11:57:59+00:00","breadcrumb":{"@id":"https:\/\/www.lsgastronomics.com\/vinprovning\/#breadcrumb"},"inLanguage":"en-US","potentialAction":[{"@type":"ReadAction","target":["https:\/\/www.lsgastronomics.com\/vinprovning\/"]}]},{"@type":"BreadcrumbList","@id":"https:\/\/www.lsgastronomics.com\/vinprovning\/#breadcrumb","itemListElement":[{"@type":"ListItem","position":1,"name":"Hem","item":"https:\/\/www.lsgastronomics.com\/"},{"@type":"ListItem","position":2,"name":"Dryckesprovningar"}]},{"@type":"WebSite","@id":"https:\/\/www.lsgastronomics.com\/#website","url":"https:\/\/www.lsgastronomics.com\/","name":"LS Gastronomics","description":"","publisher":{"@id":"https:\/\/www.lsgastronomics.com\/#organization"},"potentialAction":[{"@type":"SearchAction","target":{"@type":"EntryPoint","urlTemplate":"https:\/\/www.lsgastronomics.com\/?s={search_term_string}"},"query-input":{"@type":"PropertyValueSpecification","valueRequired":true,"valueName":"search_term_string"}}],"inLanguage":"en-US"},{"@type":"Organization","@id":"https:\/\/www.lsgastronomics.com\/#organization","name":"LS Gastronomics","url":"https:\/\/www.lsgastronomics.com\/","logo":{"@type":"ImageObject","inLanguage":"en-US","@id":"https:\/\/www.lsgastronomics.com\/#\/schema\/logo\/image\/","url":"https:\/\/i0.wp.com\/media2.lsgastronomics.com\/2021\/01\/cropped-Logotyp_LSG.png?fit=520%2C512","contentUrl":"https:\/\/i0.wp.com\/media2.lsgastronomics.com\/2021\/01\/cropped-Logotyp_LSG.png?fit=520%2C512","width":520,"height":512,"caption":"LS Gastronomics"},"image":{"@id":"https:\/\/www.lsgastronomics.com\/#\/schema\/logo\/image\/"}}]}},"uagb_featured_image_src":{"full":false,"thumbnail":false,"medium":false,"medium_large":false,"large":false,"1536x1536":false,"2048x2048":false,"trp-custom-language-flag":false},"uagb_author_info":{"display_name":"Lsgastronomics","author_link":"http:\/\/www.lsgastronomics.com\/en\/author\/lsgastronomics\/"},"uagb_comment_info":0,"uagb_excerpt":"Kom i ett mindre s\u00e4llskap p\u00e5 n\u00e5gon av v\u00e5ra f\u00f6rbest\u00e4mda vinprovningskv\u00e4llar eller boka din egen vinafton med dina v\u00e4nner, familj eller kollegor. Vill ni arrangera er egna vinafton s\u00e5 rekommenderar vi att ni \u00e4r fr\u00e5n 6 personer. Provningspaket: Uppt\u00e4ck v\u00e4rldens smaker p\u00e5 stora eller mindre provningspaket. L\u00e4mna \u00f6nskem\u00e5l p\u00e5 l\u00e4nder, druvsorter, regioner eller l\u00e5t oss&hellip;","jetpack_sharing_enabled":true,"_links":{"self":[{"href":"http:\/\/www.lsgastronomics.com\/en\/wp-json\/wp\/v2\/pages\/92","targetHints":{"allow":["GET"]}}],"collection":[{"href":"http:\/\/www.lsgastronomics.com\/en\/wp-json\/wp\/v2\/pages"}],"about":[{"href":"http:\/\/www.lsgastronomics.com\/en\/wp-json\/wp\/v2\/types\/page"}],"author":[{"embeddable":true,"href":"http:\/\/www.lsgastronomics.com\/en\/wp-json\/wp\/v2\/users\/1"}],"replies":[{"embeddable":true,"href":"http:\/\/www.lsgastronomics.com\/en\/wp-json\/wp\/v2\/comments?post=92"}],"version-history":[{"count":16,"href":"http:\/\/www.lsgastronomics.com\/en\/wp-json\/wp\/v2\/pages\/92\/revisions"}],"predecessor-version":[{"id":497,"href":"http:\/\/www.lsgastronomics.com\/en\/wp-json\/wp\/v2\/pages\/92\/revisions\/497"}],"wp:attachment":[{"href":"http:\/\/www.lsgastronomics.com\/en\/wp-json\/wp\/v2\/media?parent=92"}],"curies":[{"name":"wp","href":"https:\/\/api.w.org\/{rel}","templated":true}]}}